{"id":3844,"date":"2021-10-01T13:05:09","date_gmt":"2021-10-01T11:05:09","guid":{"rendered":"https:\/\/donbnb.com\/?page_id=3844"},"modified":"2021-10-01T13:05:26","modified_gmt":"2021-10-01T11:05:26","slug":"politique-en-matiere-de-cookies","status":"publish","type":"page","link":"https:\/\/donbnb.com\/fr\/politique-en-matiere-de-cookies\/","title":{"rendered":"Politique en mati\u00e8re de cookies"},"content":{"rendered":"\t\t<div data-elementor-type=\"wp-page\" data-elementor-id=\"3844\" class=\"elementor elementor-3844 elementor-3657\" data-elementor-post-type=\"page\">\n\t\t\t\t\t\t<section class=\"elementor-section elementor-top-section elementor-element elementor-element-4e9dc07 elementor-section-boxed elementor-section-height-default elementor-section-height-default\" data-id=\"4e9dc07\" data-element_type=\"section\" data-e-type=\"section\">\n\t\t\t\t\t\t<div class=\"elementor-container elementor-column-gap-default\">\n\t\t\t\t\t<div class=\"elementor-column elementor-col-100 elementor-top-column elementor-element elementor-element-6e2b1a5f\" data-id=\"6e2b1a5f\" data-element_type=\"column\" data-e-type=\"column\">\n\t\t\t<div class=\"elementor-widget-wrap elementor-element-populated\">\n\t\t\t\t\t\t<div class=\"elementor-element elementor-element-3e3206a6 elementor-widget elementor-widget-heading\" data-id=\"3e3206a6\" data-element_type=\"widget\" data-e-type=\"widget\" data-widget_type=\"heading.default\">\n\t\t\t\t<div class=\"elementor-widget-container\">\n\t\t\t\t\t<h1 class=\"elementor-heading-title elementor-size-default\">Politique en mati\u00e8re de cookies<\/h1>\t\t\t\t<\/div>\n\t\t\t\t<\/div>\n\t\t\t\t<div class=\"elementor-element elementor-element-1b27ac5a elementor-widget-divider--view-line elementor-widget elementor-widget-divider\" data-id=\"1b27ac5a\" data-element_type=\"widget\" data-e-type=\"widget\" data-widget_type=\"divider.default\">\n\t\t\t\t<div class=\"elementor-widget-container\">\n\t\t\t\t\t\t\t<div class=\"elementor-divider\">\n\t\t\t<span class=\"elementor-divider-separator\">\n\t\t\t\t\t\t<\/span>\n\t\t<\/div>\n\t\t\t\t\t\t<\/div>\n\t\t\t\t<\/div>\n\t\t\t\t<section class=\"elementor-section elementor-inner-section elementor-element elementor-element-2240b2d8 elementor-section-boxed elementor-section-height-default elementor-section-height-default\" data-id=\"2240b2d8\" data-element_type=\"section\" data-e-type=\"section\">\n\t\t\t\t\t\t<div class=\"elementor-container elementor-column-gap-default\">\n\t\t\t\t\t<div class=\"elementor-column elementor-col-100 elementor-inner-column elementor-element elementor-element-78824c78\" data-id=\"78824c78\" data-element_type=\"column\" data-e-type=\"column\">\n\t\t\t<div class=\"elementor-widget-wrap elementor-element-populated\">\n\t\t\t\t\t\t<div class=\"elementor-element elementor-element-5e9c054d elementor-widget elementor-widget-text-editor\" data-id=\"5e9c054d\" data-element_type=\"widget\" data-e-type=\"widget\" data-widget_type=\"text-editor.default\">\n\t\t\t\t<div class=\"elementor-widget-container\">\n\t\t\t\t\t\t\t\t\tUn <em> cookie <\/em> est un petit fichier texte qui est stock\u00e9 dans votre navigateur lorsque vous visitez presque n&rsquo;importe quelle page Web. Son utilit\u00e9 est que le Web est capable de se souvenir de votre visite lorsque vous revenez sur cette page. Les <em> cookies <\/em> stockent g\u00e9n\u00e9ralement des informations techniques, des pr\u00e9f\u00e9rences personnelles, la personnalisation du contenu, des statistiques d&rsquo;utilisation, des liens vers les r\u00e9seaux sociaux, l&rsquo;acc\u00e8s aux comptes d&rsquo;utilisateurs, etc. Le <em> cookie <\/em> a pour but d&rsquo;adapter le contenu du site Web \u00e0 votre profil et \u00e0 vos besoins, sans les <em> cookies <\/em> les services offerts par n&rsquo;importe quelle page seraient consid\u00e9rablement r\u00e9duits. Si vous souhaitez consulter plus d&rsquo;informations sur ce que sont les <em> cookies <\/em>, ce qu&rsquo;ils stockent, comment les supprimer, les d\u00e9sactiver, etc.\n<h2> <strong> Cookies utilis\u00e9s sur ce site <\/strong> <\/h2>\nConform\u00e9ment aux directives de l&rsquo;Agence espagnole de protection des donn\u00e9es, nous d\u00e9taillons l&rsquo;utilisation des <em> cookies <\/em> effectu\u00e9s par ce site Web afin de vous informer le plus pr\u00e9cis\u00e9ment possible.\n\nCe site Web utilise les <strong> propres cookies <\/strong> suivants\u00a0:\n<ul>\n <li> Cookies de session, pour s&rsquo;assurer que les utilisateurs qui \u00e9crivent des commentaires sur le blog sont des applications humaines et non automatis\u00e9es. De cette fa\u00e7on, le <em> spam <\/em> est combattu. <\/li>\n<\/ul>\nCe site Web utilise les <strong> cookies tiers <\/strong> suivants\u00a0:\n<ul>\n <li> Google Analytics\u00a0: stocke des <em> cookies <\/em> pour pouvoir \u00e9tablir des statistiques sur le trafic et le volume de visites sur ce site Web. En utilisant ce site Web, vous consentez au traitement des informations vous concernant par Google. Par cons\u00e9quent, l&rsquo;exercice de tout droit \u00e0 cet \u00e9gard doit se faire en communiquant directement avec Google. <\/li>\n <li> R\u00e9seaux sociaux : chaque r\u00e9seau social utilise ses propres <em> cookies <\/em> afin que vous puissiez cliquer sur des boutons tels que <em> J&rsquo;aime <\/em> ou <em> Partager <\/em>. <\/ li >\n<\/ul>\n<h2> <strong> D\u00e9sactivation ou suppression des cookies <\/strong> <\/h2>\n\u00c0 tout moment, vous pouvez exercer votre droit de d\u00e9sactiver ou de supprimer les cookies de ce site Web. Ces actions sont effectu\u00e9es diff\u00e9remment selon le navigateur que vous utilisez.\n<h3> <strong> Notes suppl\u00e9mentaires <\/strong> <\/h3>\n<ul>\n <li> Ni ce site Web ni ses repr\u00e9sentants l\u00e9gaux ne sont responsables du contenu ou de la v\u00e9racit\u00e9 des politiques de confidentialit\u00e9 que les tiers mentionn\u00e9s dans cette politique de <em> cookies <\/em> peuvent avoir. <\/li>\n <li> Les navigateurs Web sont les outils charg\u00e9s de stocker les <em> cookies <\/em> et \u00e0 partir de cet endroit, vous devez exercer votre droit de les supprimer ou de les d\u00e9sactiver. Ni ce site Web ni ses repr\u00e9sentants l\u00e9gaux ne peuvent garantir le traitement correct ou incorrect des <em> cookies <\/em> par les navigateurs susmentionn\u00e9s. <\/li>\n <li> Dans certains cas, il est n\u00e9cessaire d&rsquo;installer des <em> cookies <\/em> pour que le navigateur n&rsquo;oublie pas sa d\u00e9cision de ne pas les accepter. <\/li>\n <li> Dans le cas des <em> cookies <\/em> de Google Analytics, cette soci\u00e9t\u00e9 stocke des <em> cookies <\/em> sur des serveurs situ\u00e9s aux \u00c9tats-Unis et s&rsquo;engage \u00e0 ne pas les partager avec des tiers, sauf dans le cas o\u00f9 cela est n\u00e9cessaire au fonctionnement du syst\u00e8me ou lorsque la loi l&rsquo;exige. Selon Google, il n&rsquo;enregistre pas votre adresse IP. Google Inc. est une entreprise qui a adh\u00e9r\u00e9 \u00e0 l&rsquo;accord Safe Harbor qui garantit que toutes les donn\u00e9es transf\u00e9r\u00e9es seront trait\u00e9es avec un niveau de protection conforme \u00e0 la r\u00e9glementation europ\u00e9enne. Vous pouvez trouver des informations d\u00e9taill\u00e9es \u00e0 ce sujet <a href=\"http:\/\/safeharbor.export.gov\/companyinfo.aspx?id=16626\" target=\"_blank\" rel=\"noreferrer noopener\"> sur ce lien <\/a> . Si vous souhaitez des informations sur l&rsquo;utilisation que Google donne aux cookies <a href = \"https:\/\/developers.google.com\/analytics\/devguides\/collection\/analyticsjs\/cookie-usage?hl=es&amp;csw=1\" target = \" _blank \"rel =\" noreferrer noopener \"> nous attachons cet autre lien <\/a>. <\/li>\n <li> Pour toute question ou interrogation sur cette politique de <em> cookies <\/em>, n&rsquo;h\u00e9sitez pas \u00e0 nous contacter via la rubrique contact. <\/li>\n<\/ul>\n<h2> <strong> Qu&rsquo;est-ce qu&rsquo;un cookie\u00a0? <\/strong> <\/h2>\nUn <em> cookie <\/em> est un fichier texte <strong> inoffensif <\/strong> qui est stock\u00e9 dans votre navigateur lorsque vous visitez presque n&rsquo;importe quelle page Web. L&rsquo;utilit\u00e9 du <em> cookie <\/em> est que le Web est capable de se souvenir de votre visite lorsque vous revenez sur cette page. Bien que beaucoup de gens ne le sachent pas, les <em> cookies <\/em> sont utilis\u00e9s depuis 20 ans, lorsque les premiers navigateurs pour le World Wide Web sont apparus.\n<h2> <strong> Qu&rsquo;est-ce qui n&rsquo;est PAS un cookie\u00a0? <\/strong> <\/h2>\nCe n&rsquo;est pas un virus, pas un cheval de Troie, pas un ver, pas un spam, pas un logiciel espion, et il n&rsquo;ouvre pas non plus de fen\u00eatres pop-up.\n<h2> <strong> Quelles informations un <em> cookie <\/em> stocke ? <\/strong> <\/h2>\nLes <em> cookies <\/em> ne stockent g\u00e9n\u00e9ralement pas d&rsquo;informations sensibles vous concernant, telles que des cartes de cr\u00e9dit ou des coordonn\u00e9es bancaires, des photographies, votre pi\u00e8ce d&rsquo;identit\u00e9 ou des informations personnelles, etc. Les donn\u00e9es qu&rsquo;ils conservent sont de nature technique, pr\u00e9f\u00e9rences personnelles, personnalisation des contenus, etc.\n\nLe serveur Web ne vous associe pas en tant que personne mais \u00e0 votre navigateur Web. En fait, si vous naviguez r\u00e9guli\u00e8rement avec Internet Explorer et essayez de naviguer sur le m\u00eame Web avec Firefox ou Chrome, vous verrez que le Web ne r\u00e9alise pas que vous \u00eates la m\u00eame personne car il associe en fait le navigateur, pas la personne.\n<h2> <strong> Quels types de <em> cookies <\/em> existe-t-il\u00a0? <\/strong> <\/h2>\n<ul>\n <li> <em> Cookies <\/em> techniques : Ils sont les plus basiques et permettent, entre autres, de savoir quand un humain ou une application automatis\u00e9e navigue, quand un utilisateur anonyme et un utilisateur enregistr\u00e9 naviguent, des t\u00e2ches basiques pour le fonctionnement de tout web dynamique. <\/li>\n <li> <em> Cookies d&rsquo;analyse <\/em> : Ils collectent des informations sur le type de navigation que vous effectuez, les rubriques que vous utilisez le plus, les produits consult\u00e9s, le fuseau horaire d&rsquo;utilisation, la langue, etc. <\/li>\n <li> <em> Cookies publicitaires <\/em>\u00a0: ils diffusent des publicit\u00e9s en fonction de votre navigation, de votre pays d&rsquo;origine, de votre langue, etc. <\/li>\n<\/ul>\n<h2> <strong> Que sont les <em> cookies <\/em> propres et ceux de tiers ? <\/strong> <\/h2>\nLes <em> cookies propres <\/em> sont ceux g\u00e9n\u00e9r\u00e9s par la page que vous visitez et les <em> tiers <\/em> sont ceux g\u00e9n\u00e9r\u00e9s par des services ou fournisseurs externes tels que Facebook, Twitter, Google, etc.\n<h2> <strong> Que se passe-t-il si je d\u00e9sactive les <em> cookies <\/em>\u00a0? <\/strong> <\/h2>\nPour comprendre la port\u00e9e de la d\u00e9sactivation des <em> cookies <\/em>, nous vous montrons quelques exemples\u00a0:\n<ul>\n <li> Vous ne pourrez pas partager le contenu de ce site Web sur Facebook, Twitter ou tout autre r\u00e9seau social. <\/li>\n <li> Le site Web ne pourra pas adapter le contenu \u00e0 vos pr\u00e9f\u00e9rences personnelles, comme c&rsquo;est souvent le cas dans les boutiques en ligne. <\/li>\n <li> Vous ne pourrez pas acc\u00e9der \u00e0 l&rsquo;espace personnel de ce site, tel que <em> Mon compte <\/em>, ou <em> Mon profil <\/em> ou <em> Mes commandes <\/em >.<\/li>\n <li> Boutiques en ligne\u00a0: il vous sera impossible de faire des achats en ligne, ils devront \u00eatre effectu\u00e9s par t\u00e9l\u00e9phone ou en vous rendant dans la boutique physique si vous en avez une. <\/li>\n <li> Il ne sera pas possible de personnaliser vos pr\u00e9f\u00e9rences g\u00e9ographiques telles que le fuseau horaire, la devise ou la langue. <\/li>\n <li> Le site Web ne sera pas en mesure d&rsquo;effectuer des analyses Web sur les visiteurs et le trafic sur le Web, ce qui rendra difficile la comp\u00e9titivit\u00e9 du Web. <\/li>\n <li> Vous ne pourrez pas \u00e9crire sur le blog, vous ne pourrez pas t\u00e9l\u00e9charger de photos, poster des commentaires, noter ou noter du contenu. Le Web ne pourra pas non plus savoir si vous \u00eates un humain ou une application automatis\u00e9e qui publie du <em> spam <\/em>. <\/li>\n <li> Il ne sera pas possible d&rsquo;afficher de la publicit\u00e9 sectoris\u00e9e, ce qui r\u00e9duira les revenus publicitaires du web. <\/li>\n <li> Tous les r\u00e9seaux sociaux utilisent des <em> cookies <\/em>, si vous les d\u00e9sactivez vous ne pourrez plus utiliser aucun r\u00e9seau social. <\/li>\n<\/ul>\n<h2> <strong> Les <em> cookies <\/em> peuvent-ils \u00eatre supprim\u00e9s ? <\/strong> <\/h2>\nOui, non seulement supprimer, mais aussi bloquer, de mani\u00e8re g\u00e9n\u00e9rale ou particuli\u00e8re pour un domaine sp\u00e9cifique.\n\nPour supprimer les <em> cookies <\/em> d&rsquo;un site Web, vous devez vous rendre dans les param\u00e8tres de votre navigateur et vous pouvez y rechercher ceux associ\u00e9s au domaine en question et proc\u00e9der \u00e0 leur suppression.\n<h2> <strong> Configuration des <em> cookies <\/em> pour les navigateurs les plus populaires <\/strong> <\/h2>\n<p> Voici comment acc\u00e9der \u00e0 un <em> cookie <\/em> sp\u00e9cifique du navigateur <strong> Chrome <\/strong>. Remarque\u00a0: ces \u00e9tapes peuvent varier en fonction de la version du navigateur\u00a0: <\/p>\n<ol>\n<li> Acc\u00e9dez \u00e0 Param\u00e8tres ou Pr\u00e9f\u00e9rences via le menu Fichier ou en cliquant sur l&rsquo;ic\u00f4ne de personnalisation qui appara\u00eet en haut \u00e0 droite. <\/li>\n<li> Vous verrez diff\u00e9rentes sections, cliquez sur l&rsquo;option <em> Afficher les options avanc\u00e9es <\/em>. <\/li>\n<li> Acc\u00e9dez \u00e0 <em> Confidentialit\u00e9 <\/em>, <em> Param\u00e8tres de contenu <\/em>. <\/li>\n<li> S\u00e9lectionnez <em> Tous les cookies et donn\u00e9es du site <\/em>. <\/li>\n<li> Une liste appara\u00eetra avec tous les <em> cookies <\/em> class\u00e9s par domaine. Pour vous permettre de retrouver plus facilement les <em> cookies <\/em> d&rsquo;un domaine sp\u00e9cifique, saisissez partiellement ou totalement l&rsquo;adresse dans le champ <em> Rechercher des cookies <\/em>. <\/li>\n<li> Apr\u00e8s avoir effectu\u00e9 ce filtre, une ou plusieurs lignes contenant les <em> cookies <\/em> du site Web demand\u00e9 appara\u00eetront \u00e0 l&rsquo;\u00e9cran. Il ne vous reste plus qu&rsquo;\u00e0 le s\u00e9lectionner et appuyer sur le <em> X <\/em> pour proc\u00e9der \u00e0 sa suppression. <\/li>\n<\/ol>\n<p> Pour acc\u00e9der aux param\u00e8tres de <em> cookies <\/em> du navigateur <strong> Internet Explorer <\/strong>, suivez ces \u00e9tapes (elles peuvent varier selon la version du navigateur) : <\/p>\n<ol>\n<li> Acc\u00e9dez \u00e0 <em> Outils <\/em>, <em> Options Internet <\/em> <\/li>\n<li> Cliquez sur <em> Confidentialit\u00e9 <\/em>. <\/li>\n<li> D\u00e9placez le curseur pour r\u00e9gler le niveau de confidentialit\u00e9 souhait\u00e9. <\/li>\n<\/ol>\n<p> Pour acc\u00e9der aux param\u00e8tres de <em> cookies <\/em> du navigateur <strong> Firefox <\/strong>, suivez ces \u00e9tapes (elles peuvent varier selon la version du navigateur) : <\/p>\n<ol>\n<li> Allez dans <em> Options <\/em> ou <em> Pr\u00e9f\u00e9rences <\/em> selon votre syst\u00e8me d&rsquo;exploitation. <\/li>\n<li> Cliquez sur <em> Confidentialit\u00e9 <\/em>. <\/li>\n<li> Sous <em> Historique <\/em> choisissez <em> Utiliser les param\u00e8tres personnalis\u00e9s pour l&rsquo;historique <\/em>. <\/li>\n<li> Vous verrez maintenant l&rsquo;option <em> Accepter les cookies <\/em>, vous pouvez l&rsquo;activer ou la d\u00e9sactiver selon vos pr\u00e9f\u00e9rences. <\/li>\n<\/ol>\n<p> Pour acc\u00e9der \u00e0 la configuration des <em> cookies <\/em> du navigateur <strong> Safari pour OSX <\/strong>, suivez ces \u00e9tapes (elles peuvent varier selon la version du navigateur) : <\/p>\n<ol>\n<li> Allez dans <em> Pr\u00e9f\u00e9rences <\/em>, puis <em> Confidentialit\u00e9 <\/em>. <\/li>\n<li> Dans cet endroit, vous verrez l&rsquo;option <em> Bloquer les cookies <\/em> afin que vous puissiez ajuster le type de blocage que vous souhaitez effectuer. <\/li>\n<\/ol>\n<p> Pour acc\u00e9der aux param\u00e8tres de <em> cookies <\/em> du navigateur <strong> Safari pour iOS <\/strong>, proc\u00e9dez comme suit (ils peuvent varier selon la version du navigateur)\u00a0: <\/p>\n<ol>\n<li> Allez dans <em> Param\u00e8tres <\/em>, puis <em> Safari <\/em>. <\/li>\n<li> Allez dans <em> Confidentialit\u00e9 et s\u00e9curit\u00e9 <\/em>, vous verrez l&rsquo;option <em> Bloquer les cookies <\/em> afin que vous puissiez ajuster le type de blocage que vous souhaitez effectuer. <\/li>\n<\/ol>\n<p> Pour acc\u00e9der \u00e0 la configuration des <em> cookies <\/em> du navigateur pour les appareils <strong> Android <\/strong>, suivez ces \u00e9tapes (elles peuvent varier selon la version du navigateur)\u00a0: <\/p>\n<ol>\n<li> Lancez le navigateur et appuyez sur la touche <em> Menu <\/em>, puis sur <em> Param\u00e8tres <\/em>. <\/li>\n<li> Allez dans <em> S\u00e9curit\u00e9 et confidentialit\u00e9 <\/em>, vous verrez l&rsquo;option <em> Accepter les cookies <\/em> pour activer ou d\u00e9sactiver la case. <\/li>\n<\/ol>\n<p> Pour acc\u00e9der \u00e0 la configuration des <em> cookies <\/em> du navigateur pour les appareils <strong> Windows Phone <\/strong>, suivez ces \u00e9tapes (elles peuvent varier selon la version du navigateur)\u00a0: <\/p>\n<ol>\n<li> Ouvrez <em> Internet Explorer <\/em>, puis <em> Plus <\/em>, puis <em> Param\u00e8tres <\/em> <\/li>\n<li> Vous pouvez d\u00e9sormais activer ou d\u00e9sactiver la case <em> Autoriser les cookies <\/em>. <\/li>\n<\/ol>\t\t\t\t\t\t\t\t<\/div>\n\t\t\t\t<\/div>\n\t\t\t\t\t<\/div>\n\t\t<\/div>\n\t\t\t\t\t<\/div>\n\t\t<\/section>\n\t\t\t\t\t<\/div>\n\t\t<\/div>\n\t\t\t\t\t<\/div>\n\t\t<\/section>\n\t\t\t\t<\/div>\n\t\t","protected":false},"excerpt":{"rendered":"<p>Politique en mati\u00e8re de cookies Un cookie est un petit fichier texte qui est stock\u00e9 dans votre navigateur lorsque vous visitez presque n&rsquo;importe quelle page Web. Son utilit\u00e9 est que le Web est capable de se souvenir de votre visite lorsque vous revenez sur cette page. Les cookies stockent g\u00e9n\u00e9ralement des informations techniques, des pr\u00e9f\u00e9rences &#8230; <a title=\"Politique en mati\u00e8re de cookies\" class=\"read-more\" href=\"https:\/\/donbnb.com\/fr\/politique-en-matiere-de-cookies\/\" aria-label=\"Read more about Politique en mati\u00e8re de cookies\">Lire plus<\/a><\/p>\n","protected":false},"author":1,"featured_media":0,"parent":0,"menu_order":0,"comment_status":"closed","ping_status":"closed","template":"elementor_header_footer","meta":{"footnotes":""},"class_list":["post-3844","page","type-page","status-publish"],"yoast_head":"<!-- This site is optimized with the Yoast SEO plugin v27.5 - https:\/\/yoast.com\/product\/yoast-seo-wordpress\/ -->\n<title>\u2022\u1409Politique en mati\u00e8re de cookies - DonBnB<\/title>\n<meta name=\"robots\" content=\"index, follow, max-snippet:-1, max-image-preview:large, max-video-preview:-1\" \/>\n<link rel=\"canonical\" href=\"https:\/\/donbnb.com\/fr\/politique-en-matiere-de-cookies\/\" \/>\n<meta property=\"og:locale\" content=\"fr_FR\" \/>\n<meta property=\"og:type\" content=\"article\" \/>\n<meta property=\"og:title\" content=\"\u2022\u1409Politique en mati\u00e8re de cookies - DonBnB\" \/>\n<meta property=\"og:description\" content=\"Politique en mati\u00e8re de cookies Un cookie est un petit fichier texte qui est stock\u00e9 dans votre navigateur lorsque vous visitez presque n&rsquo;importe quelle page Web. Son utilit\u00e9 est que le Web est capable de se souvenir de votre visite lorsque vous revenez sur cette page. Les cookies stockent g\u00e9n\u00e9ralement des informations techniques, des pr\u00e9f\u00e9rences ... Lire plus\" \/>\n<meta property=\"og:url\" content=\"https:\/\/donbnb.com\/fr\/politique-en-matiere-de-cookies\/\" \/>\n<meta property=\"og:site_name\" content=\"DonBnB\" \/>\n<meta property=\"article:modified_time\" content=\"2021-10-01T11:05:26+00:00\" \/>\n<meta name=\"twitter:card\" content=\"summary_large_image\" \/>\n<meta name=\"twitter:label1\" content=\"Dur\u00e9e de lecture estim\u00e9e\" \/>\n\t<meta name=\"twitter:data1\" content=\"9 minutes\" \/>\n<script type=\"application\/ld+json\" class=\"yoast-schema-graph\">{\"@context\":\"https:\\\/\\\/schema.org\",\"@graph\":[{\"@type\":\"WebPage\",\"@id\":\"https:\\\/\\\/donbnb.com\\\/fr\\\/politique-en-matiere-de-cookies\\\/\",\"url\":\"https:\\\/\\\/donbnb.com\\\/fr\\\/politique-en-matiere-de-cookies\\\/\",\"name\":\"\u2022\u1409Politique en mati\u00e8re de cookies - DonBnB\",\"isPartOf\":{\"@id\":\"https:\\\/\\\/donbnb.com\\\/#website\"},\"datePublished\":\"2021-10-01T11:05:09+00:00\",\"dateModified\":\"2021-10-01T11:05:26+00:00\",\"breadcrumb\":{\"@id\":\"https:\\\/\\\/donbnb.com\\\/fr\\\/politique-en-matiere-de-cookies\\\/#breadcrumb\"},\"inLanguage\":\"fr-FR\",\"potentialAction\":[{\"@type\":\"ReadAction\",\"target\":[\"https:\\\/\\\/donbnb.com\\\/fr\\\/politique-en-matiere-de-cookies\\\/\"]}]},{\"@type\":\"BreadcrumbList\",\"@id\":\"https:\\\/\\\/donbnb.com\\\/fr\\\/politique-en-matiere-de-cookies\\\/#breadcrumb\",\"itemListElement\":[{\"@type\":\"ListItem\",\"position\":1,\"name\":\"Portada\",\"item\":\"https:\\\/\\\/donbnb.com\\\/fr\\\/\"},{\"@type\":\"ListItem\",\"position\":2,\"name\":\"Politique en mati\u00e8re de cookies\"}]},{\"@type\":\"WebSite\",\"@id\":\"https:\\\/\\\/donbnb.com\\\/#website\",\"url\":\"https:\\\/\\\/donbnb.com\\\/\",\"name\":\"DonBnB\",\"description\":\"Alquileres vacacionales M\u00e1laga\",\"publisher\":{\"@id\":\"https:\\\/\\\/donbnb.com\\\/#organization\"},\"potentialAction\":[{\"@type\":\"SearchAction\",\"target\":{\"@type\":\"EntryPoint\",\"urlTemplate\":\"https:\\\/\\\/donbnb.com\\\/?s={search_term_string}\"},\"query-input\":{\"@type\":\"PropertyValueSpecification\",\"valueRequired\":true,\"valueName\":\"search_term_string\"}}],\"inLanguage\":\"fr-FR\"},{\"@type\":\"Organization\",\"@id\":\"https:\\\/\\\/donbnb.com\\\/#organization\",\"name\":\"DonBnB\",\"url\":\"https:\\\/\\\/donbnb.com\\\/\",\"logo\":{\"@type\":\"ImageObject\",\"inLanguage\":\"fr-FR\",\"@id\":\"https:\\\/\\\/donbnb.com\\\/#\\\/schema\\\/logo\\\/image\\\/\",\"url\":\"https:\\\/\\\/donbnb.com\\\/wp-content\\\/uploads\\\/2021\\\/09\\\/alquiler-vacacional-donbnb-logo.png\",\"contentUrl\":\"https:\\\/\\\/donbnb.com\\\/wp-content\\\/uploads\\\/2021\\\/09\\\/alquiler-vacacional-donbnb-logo.png\",\"width\":3231,\"height\":1078,\"caption\":\"DonBnB\"},\"image\":{\"@id\":\"https:\\\/\\\/donbnb.com\\\/#\\\/schema\\\/logo\\\/image\\\/\"}}]}<\/script>\n<!-- \/ Yoast SEO plugin. -->","yoast_head_json":{"title":"\u2022\u1409Politique en mati\u00e8re de cookies - DonBnB","robots":{"index":"index","follow":"follow","max-snippet":"max-snippet:-1","max-image-preview":"max-image-preview:large","max-video-preview":"max-video-preview:-1"},"canonical":"https:\/\/donbnb.com\/fr\/politique-en-matiere-de-cookies\/","og_locale":"fr_FR","og_type":"article","og_title":"\u2022\u1409Politique en mati\u00e8re de cookies - DonBnB","og_description":"Politique en mati\u00e8re de cookies Un cookie est un petit fichier texte qui est stock\u00e9 dans votre navigateur lorsque vous visitez presque n&rsquo;importe quelle page Web. Son utilit\u00e9 est que le Web est capable de se souvenir de votre visite lorsque vous revenez sur cette page. Les cookies stockent g\u00e9n\u00e9ralement des informations techniques, des pr\u00e9f\u00e9rences ... Lire plus","og_url":"https:\/\/donbnb.com\/fr\/politique-en-matiere-de-cookies\/","og_site_name":"DonBnB","article_modified_time":"2021-10-01T11:05:26+00:00","twitter_card":"summary_large_image","twitter_misc":{"Dur\u00e9e de lecture estim\u00e9e":"9 minutes"},"schema":{"@context":"https:\/\/schema.org","@graph":[{"@type":"WebPage","@id":"https:\/\/donbnb.com\/fr\/politique-en-matiere-de-cookies\/","url":"https:\/\/donbnb.com\/fr\/politique-en-matiere-de-cookies\/","name":"\u2022\u1409Politique en mati\u00e8re de cookies - DonBnB","isPartOf":{"@id":"https:\/\/donbnb.com\/#website"},"datePublished":"2021-10-01T11:05:09+00:00","dateModified":"2021-10-01T11:05:26+00:00","breadcrumb":{"@id":"https:\/\/donbnb.com\/fr\/politique-en-matiere-de-cookies\/#breadcrumb"},"inLanguage":"fr-FR","potentialAction":[{"@type":"ReadAction","target":["https:\/\/donbnb.com\/fr\/politique-en-matiere-de-cookies\/"]}]},{"@type":"BreadcrumbList","@id":"https:\/\/donbnb.com\/fr\/politique-en-matiere-de-cookies\/#breadcrumb","itemListElement":[{"@type":"ListItem","position":1,"name":"Portada","item":"https:\/\/donbnb.com\/fr\/"},{"@type":"ListItem","position":2,"name":"Politique en mati\u00e8re de cookies"}]},{"@type":"WebSite","@id":"https:\/\/donbnb.com\/#website","url":"https:\/\/donbnb.com\/","name":"DonBnB","description":"Alquileres vacacionales M\u00e1laga","publisher":{"@id":"https:\/\/donbnb.com\/#organization"},"potentialAction":[{"@type":"SearchAction","target":{"@type":"EntryPoint","urlTemplate":"https:\/\/donbnb.com\/?s={search_term_string}"},"query-input":{"@type":"PropertyValueSpecification","valueRequired":true,"valueName":"search_term_string"}}],"inLanguage":"fr-FR"},{"@type":"Organization","@id":"https:\/\/donbnb.com\/#organization","name":"DonBnB","url":"https:\/\/donbnb.com\/","logo":{"@type":"ImageObject","inLanguage":"fr-FR","@id":"https:\/\/donbnb.com\/#\/schema\/logo\/image\/","url":"https:\/\/donbnb.com\/wp-content\/uploads\/2021\/09\/alquiler-vacacional-donbnb-logo.png","contentUrl":"https:\/\/donbnb.com\/wp-content\/uploads\/2021\/09\/alquiler-vacacional-donbnb-logo.png","width":3231,"height":1078,"caption":"DonBnB"},"image":{"@id":"https:\/\/donbnb.com\/#\/schema\/logo\/image\/"}}]}},"_links":{"self":[{"href":"https:\/\/donbnb.com\/fr\/wp-json\/wp\/v2\/pages\/3844","targetHints":{"allow":["GET"]}}],"collection":[{"href":"https:\/\/donbnb.com\/fr\/wp-json\/wp\/v2\/pages"}],"about":[{"href":"https:\/\/donbnb.com\/fr\/wp-json\/wp\/v2\/types\/page"}],"author":[{"embeddable":true,"href":"https:\/\/donbnb.com\/fr\/wp-json\/wp\/v2\/users\/1"}],"replies":[{"embeddable":true,"href":"https:\/\/donbnb.com\/fr\/wp-json\/wp\/v2\/comments?post=3844"}],"version-history":[{"count":3,"href":"https:\/\/donbnb.com\/fr\/wp-json\/wp\/v2\/pages\/3844\/revisions"}],"predecessor-version":[{"id":3847,"href":"https:\/\/donbnb.com\/fr\/wp-json\/wp\/v2\/pages\/3844\/revisions\/3847"}],"wp:attachment":[{"href":"https:\/\/donbnb.com\/fr\/wp-json\/wp\/v2\/media?parent=3844"}],"curies":[{"name":"wp","href":"https:\/\/api.w.org\/{rel}","templated":true}]}}