{"id":3861,"date":"2021-10-01T13:14:29","date_gmt":"2021-10-01T11:14:29","guid":{"rendered":"https:\/\/donbnb.com\/?page_id=3861"},"modified":"2021-10-01T13:18:24","modified_gmt":"2021-10-01T11:18:24","slug":"politique-de-confidentialite","status":"publish","type":"page","link":"https:\/\/donbnb.com\/fr\/politique-de-confidentialite\/","title":{"rendered":"Politique de confidentialit\u00e9"},"content":{"rendered":"\t\t<div data-elementor-type=\"wp-page\" data-elementor-id=\"3861\" class=\"elementor elementor-3861 elementor-3\" data-elementor-post-type=\"page\">\n\t\t\t\t\t\t<section class=\"elementor-section elementor-top-section elementor-element elementor-element-6597418b elementor-section-boxed elementor-section-height-default elementor-section-height-default\" data-id=\"6597418b\" data-element_type=\"section\" data-e-type=\"section\">\n\t\t\t\t\t\t<div class=\"elementor-container elementor-column-gap-default\">\n\t\t\t\t\t<div class=\"elementor-column elementor-col-100 elementor-top-column elementor-element elementor-element-5403a1e3\" data-id=\"5403a1e3\" data-element_type=\"column\" data-e-type=\"column\">\n\t\t\t<div class=\"elementor-widget-wrap elementor-element-populated\">\n\t\t\t\t\t\t<div class=\"elementor-element elementor-element-43383110 elementor-widget elementor-widget-heading\" data-id=\"43383110\" data-element_type=\"widget\" data-e-type=\"widget\" data-widget_type=\"heading.default\">\n\t\t\t\t<div class=\"elementor-widget-container\">\n\t\t\t\t\t<h1 class=\"elementor-heading-title elementor-size-default\">Politique de confidentialit\u00e9<\/h1>\t\t\t\t<\/div>\n\t\t\t\t<\/div>\n\t\t\t\t<div class=\"elementor-element elementor-element-2214da4e elementor-widget-divider--view-line elementor-widget elementor-widget-divider\" data-id=\"2214da4e\" data-element_type=\"widget\" data-e-type=\"widget\" data-widget_type=\"divider.default\">\n\t\t\t\t<div class=\"elementor-widget-container\">\n\t\t\t\t\t\t\t<div class=\"elementor-divider\">\n\t\t\t<span class=\"elementor-divider-separator\">\n\t\t\t\t\t\t<\/span>\n\t\t<\/div>\n\t\t\t\t\t\t<\/div>\n\t\t\t\t<\/div>\n\t\t\t\t<section class=\"elementor-section elementor-inner-section elementor-element elementor-element-63c2ec1a elementor-section-boxed elementor-section-height-default elementor-section-height-default\" data-id=\"63c2ec1a\" data-element_type=\"section\" data-e-type=\"section\">\n\t\t\t\t\t\t<div class=\"elementor-container elementor-column-gap-default\">\n\t\t\t\t\t<div class=\"elementor-column elementor-col-100 elementor-inner-column elementor-element elementor-element-2adf5b80\" data-id=\"2adf5b80\" data-element_type=\"column\" data-e-type=\"column\">\n\t\t\t<div class=\"elementor-widget-wrap elementor-element-populated\">\n\t\t\t\t\t\t<div class=\"elementor-element elementor-element-7e98dc6 elementor-widget elementor-widget-text-editor\" data-id=\"7e98dc6\" data-element_type=\"widget\" data-e-type=\"widget\" data-widget_type=\"text-editor.default\">\n\t\t\t\t<div class=\"elementor-widget-container\">\n\t\t\t\t\t\t\t\t\t<p>Par cet avis, <strong> DonBnb <\/strong> avec adresse \u00e0 <strong> Carretera campo de golf 83, 29004 M\u00e1laga, Espagne <\/strong>, et appartenant \u00e0 L <strong> uc Juliot Nken Nguiladjoe <\/strong> , avec <strong> DNI\/CIF 79289906M <\/strong>, t\u00e9l\u00e9phone 722 36 39 14 <strong>, <\/strong> email : <a href=\"mailto:rental@donbnb.com\"><strong>rental @ donbnb.com <\/strong><\/a>(ci-apr\u00e8s, <strong> LA SOCI\u00c9T\u00c9 <\/strong>) informe les utilisateurs <strong> dans le respect de l&rsquo;art <\/strong> <strong> \u00ed <strong>article 5 de la Loi Org <\/strong> <strong> \u00e1 <\/strong> <strong> nica 15\/1999 <\/strong>, du 13 d\u00e9cembre 1999, sur la protection des donn\u00e9es personnelles (ci-apr\u00e8s LOPD) sur ses donn\u00e9es personnelles politique de protection des donn\u00e9es afin qu&rsquo;ils d\u00e9cident express\u00e9ment, librement et volontairement, s&rsquo;ils souhaitent fournir \u00e0 <strong> LA SOCI\u00c9T\u00c9 <\/strong> les donn\u00e9es personnelles qui sont demand\u00e9es sur le site Web pour la fourniture de ses services.<\/strong><\/p><p>Les utilisateurs sont \u00e9galement inform\u00e9s de l&rsquo;incorporation des donn\u00e9es collect\u00e9es dans un fichier d\u00fbment enregistr\u00e9 au Registre G\u00e9n\u00e9ral de Protection des Donn\u00e9es, et dont le propri\u00e9taire et gestionnaire est <strong> LA SOCIETE <\/strong>, r\u00e9alisant un fichier mixte de donn\u00e9es selon les des fins sp\u00e9cifi\u00e9es et d&rsquo;autres dispositions \u00e9tablies dans cette politique de confidentialit\u00e9, auxquelles vous nous donnez votre consentement expr\u00e8s et sans \u00e9quivoque.<\/p><h3><strong> Collecte des donn\u00e9es et utilisations pr\u00e9vues. <\/strong><\/h3><p>La collecte des donn\u00e9es personnelles s&rsquo;effectue en remplissant les moyens possibles d&rsquo;envoi de donn\u00e9es : soit via un formulaire de contact (ou d&rsquo;autres disponibles) qui appara\u00eet sur le site Web, et l&rsquo;envoi d&rsquo;e-mails. \u00e9tendue, finalit\u00e9s et services sp\u00e9cifiques, explicites et l\u00e9gitimes de <strong> LA SOCI\u00c9T\u00c9. <\/strong><\/p><p>L&rsquo;utilisateur doit remplir les formulaires avec des informations vraies, exactes, compl\u00e8tes et mises \u00e0 jour, en r\u00e9pondant aux dommages qui pourraient \u00eatre caus\u00e9s par le mauvais remplissage du formulaire avec des informations fausses, inexactes, incompl\u00e8tes ou p\u00e9rim\u00e9es.<\/p><h3><strong> Entreprises et donn\u00e9es automobiles <\/strong> <strong> \u00e1 <\/strong> <strong> cter personnel <\/strong><\/h3><p>Les donn\u00e9es des entreprises et, en particulier, des personnes qui sont re\u00e7ues en envoyant les formulaires de demande d&rsquo;informations ou d&rsquo;autres demandes au responsable du dossier, seront trait\u00e9es afin de r\u00e9pondre \u00e0 votre demande ainsi que de fournir des informations sur nos services et les produits actuels et futurs qui pourraient vous int\u00e9resser.<\/p><p><strong> Il est entendu <\/strong> <strong> \u00e1 <\/strong> <strong> express\u00e9ment accept\u00e9 le traitement des donn\u00e9es aux fins indiqu\u00e9es ci-dessus, en cliquant sur le bot <\/strong> <strong> ou <\/strong><strong>\u00ab\u00a0<\/strong> <strong> ENVOYER <\/strong> <strong>\u00a0\u00bb <\/strong> <strong> qui appara\u00eet dans le formulaire de demande d&rsquo;informations <\/strong> <strong> ou <strong>(CONTACT) OU AUTRES OPTIONS ENV <\/strong> <strong> OU DONN\u00c9ES), <\/strong> conform\u00e9ment aux exigences de l&rsquo;article 21 de la loi 34\/2002 , sur les services de la soci\u00e9t\u00e9 de l&rsquo;information et du commerce \u00e9lectronique, pour l&rsquo;envoi de communications commerciales par courrier \u00e9lectronique et autres moyens \u00e9lectroniques \u00e9quivalents.<\/strong><\/p><p>Les utilisateurs peuvent s&rsquo;opposer au traitement de leurs donn\u00e9es aux fins indiqu\u00e9es ci-dessus, en \u00e9crivant \u00e0 l&rsquo;adresse <strong> Carretera campo de golf 83, 29004 M\u00e1laga, Espagne <\/strong>, via la proc\u00e9dure qui permet dans chaque cas <strong> LA SOCIETE <\/strong> justifiant de votre identit\u00e9 pour l&rsquo;exercice de ce droit d&rsquo;opposition.<\/p><h3><strong> Mesures de s\u00e9curit\u00e9 <\/strong><\/h3><p><strong> LA SOCI\u00c9T\u00c9 <\/strong> a adopt\u00e9 les niveaux de s\u00e9curit\u00e9 de protection des donn\u00e9es personnelles requis par la l\u00e9gislation en vigueur sur la protection des donn\u00e9es, en installant les mesures techniques et organisationnelles n\u00e9cessaires pour pr\u00e9venir la perte, l&rsquo;abus, l&rsquo;alt\u00e9ration, l&rsquo;acc\u00e8s non autoris\u00e9 et d&rsquo;autres risques possibles.<\/p><p><strong> LA SOCI\u00c9T\u00c9 <\/strong> informe que la collecte de donn\u00e9es sur le Web est effectu\u00e9e dans un environnement technologique qui applique des niveaux \u00e9lev\u00e9s de s\u00e9curit\u00e9 et de confidentialit\u00e9 dans la transmission des informations. Cependant, l&rsquo;Utilisateur doit \u00eatre conscient que les mesures de s\u00e9curit\u00e9 sur Internet ne sont pas imprenables.<\/p><h3><strong> Exercice des droits d&rsquo;acc\u00e8s, de rectification <\/strong> <strong> ou<\/strong><strong>, annulation <\/strong> <strong> ou <\/strong> <strong> et opposition\u00a0<strong>ou<\/strong><strong>. <\/strong> <\/strong><\/h3><p>L&rsquo;utilisateur ou la personne qui le repr\u00e9sente peut \u00e0 tout moment exercer le droit d&rsquo;acc\u00e8s, de rectification, d&rsquo;annulation et, le cas \u00e9ch\u00e9ant, d&rsquo;opposition conform\u00e9ment aux dispositions de la LOPD et des autres r\u00e9glementations applicables \u00e0 cet effet, ces droits peuvent \u00eatre rendus effectifs par des moyens d&rsquo;un \u00e9crit de communication adress\u00e9 \u00e0 <strong> LA SOCI\u00c9T\u00c9 <\/strong> avec adresse \u00e0 <strong> Carretera campo de golf 83, 29004 M\u00e1laga, Espagne <\/strong> dans laquelle l&rsquo;identit\u00e9 de l&rsquo;utilisateur est accr\u00e9dit\u00e9e, ou \u00e0 l&rsquo;e-mail adresse\u00a0 <a href=\"mailto:rental@donbnb.com\">rental@donbnb.com <\/a><\/p><p><strong> LA SOCI\u00c9T\u00c9 <\/strong> se r\u00e9serve le droit de modifier cette politique de confidentialit\u00e9 des donn\u00e9es pour l&rsquo;adapter \u00e0 la nouvelle l\u00e9gislation et jurisprudence, ainsi qu&rsquo;aux crit\u00e8res d&rsquo;interpr\u00e9tation de ce r\u00e8glement publi\u00e9s par l&rsquo;Agence espagnole de protection des donn\u00e9es. Dans ce cas, <strong> LA SOCIETE <\/strong> annoncera lesdites modifications sur le portail suffisamment \u00e0 l&rsquo;avance de leur mise en \u0153uvre.<\/p>\t\t\t\t\t\t\t\t<\/div>\n\t\t\t\t<\/div>\n\t\t\t\t\t<\/div>\n\t\t<\/div>\n\t\t\t\t\t<\/div>\n\t\t<\/section>\n\t\t\t\t\t<\/div>\n\t\t<\/div>\n\t\t\t\t\t<\/div>\n\t\t<\/section>\n\t\t\t\t<\/div>\n\t\t","protected":false},"excerpt":{"rendered":"<p>Politique de confidentialit\u00e9 Par cet avis, DonBnb avec adresse \u00e0 Carretera campo de golf 83, 29004 M\u00e1laga, Espagne , et appartenant \u00e0 L uc Juliot Nken Nguiladjoe , avec DNI\/CIF 79289906M , t\u00e9l\u00e9phone 722 36 39 14 , email : rental @ donbnb.com (ci-apr\u00e8s, LA SOCI\u00c9T\u00c9 ) informe les utilisateurs dans le respect de l&rsquo;art &#8230; <a title=\"Politique de confidentialit\u00e9\" class=\"read-more\" href=\"https:\/\/donbnb.com\/fr\/politique-de-confidentialite\/\" aria-label=\"Read more about Politique de confidentialit\u00e9\">Lire plus<\/a><\/p>\n","protected":false},"author":1,"featured_media":0,"parent":0,"menu_order":0,"comment_status":"closed","ping_status":"closed","template":"elementor_header_footer","meta":{"footnotes":""},"class_list":["post-3861","page","type-page","status-publish"],"yoast_head":"<!-- This site is optimized with the Yoast SEO plugin v27.5 - https:\/\/yoast.com\/product\/yoast-seo-wordpress\/ -->\n<title>\u2022\u1409Politique de confidentialit\u00e9 - DonBnB<\/title>\n<meta name=\"robots\" content=\"index, follow, max-snippet:-1, max-image-preview:large, max-video-preview:-1\" \/>\n<link rel=\"canonical\" href=\"https:\/\/donbnb.com\/fr\/politique-de-confidentialite\/\" \/>\n<meta property=\"og:locale\" content=\"fr_FR\" \/>\n<meta property=\"og:type\" content=\"article\" \/>\n<meta property=\"og:title\" content=\"\u2022\u1409Politique de confidentialit\u00e9 - DonBnB\" \/>\n<meta property=\"og:description\" content=\"Politique de confidentialit\u00e9 Par cet avis, DonBnb avec adresse \u00e0 Carretera campo de golf 83, 29004 M\u00e1laga, Espagne , et appartenant \u00e0 L uc Juliot Nken Nguiladjoe , avec DNI\/CIF 79289906M , t\u00e9l\u00e9phone 722 36 39 14 , email : rental @ donbnb.com (ci-apr\u00e8s, LA SOCI\u00c9T\u00c9 ) informe les utilisateurs dans le respect de l&rsquo;art ... Lire plus\" \/>\n<meta property=\"og:url\" content=\"https:\/\/donbnb.com\/fr\/politique-de-confidentialite\/\" \/>\n<meta property=\"og:site_name\" content=\"DonBnB\" \/>\n<meta property=\"article:modified_time\" content=\"2021-10-01T11:18:24+00:00\" \/>\n<meta name=\"twitter:card\" content=\"summary_large_image\" \/>\n<meta name=\"twitter:label1\" content=\"Dur\u00e9e de lecture estim\u00e9e\" \/>\n\t<meta name=\"twitter:data1\" content=\"4 minutes\" \/>\n<script type=\"application\/ld+json\" class=\"yoast-schema-graph\">{\"@context\":\"https:\\\/\\\/schema.org\",\"@graph\":[{\"@type\":\"WebPage\",\"@id\":\"https:\\\/\\\/donbnb.com\\\/fr\\\/politique-de-confidentialite\\\/\",\"url\":\"https:\\\/\\\/donbnb.com\\\/fr\\\/politique-de-confidentialite\\\/\",\"name\":\"\u2022\u1409Politique de confidentialit\u00e9 - DonBnB\",\"isPartOf\":{\"@id\":\"https:\\\/\\\/donbnb.com\\\/#website\"},\"datePublished\":\"2021-10-01T11:14:29+00:00\",\"dateModified\":\"2021-10-01T11:18:24+00:00\",\"breadcrumb\":{\"@id\":\"https:\\\/\\\/donbnb.com\\\/fr\\\/politique-de-confidentialite\\\/#breadcrumb\"},\"inLanguage\":\"fr-FR\",\"potentialAction\":[{\"@type\":\"ReadAction\",\"target\":[\"https:\\\/\\\/donbnb.com\\\/fr\\\/politique-de-confidentialite\\\/\"]}]},{\"@type\":\"BreadcrumbList\",\"@id\":\"https:\\\/\\\/donbnb.com\\\/fr\\\/politique-de-confidentialite\\\/#breadcrumb\",\"itemListElement\":[{\"@type\":\"ListItem\",\"position\":1,\"name\":\"Portada\",\"item\":\"https:\\\/\\\/donbnb.com\\\/fr\\\/\"},{\"@type\":\"ListItem\",\"position\":2,\"name\":\"Politique de confidentialit\u00e9\"}]},{\"@type\":\"WebSite\",\"@id\":\"https:\\\/\\\/donbnb.com\\\/#website\",\"url\":\"https:\\\/\\\/donbnb.com\\\/\",\"name\":\"DonBnB\",\"description\":\"Alquileres vacacionales M\u00e1laga\",\"publisher\":{\"@id\":\"https:\\\/\\\/donbnb.com\\\/#organization\"},\"potentialAction\":[{\"@type\":\"SearchAction\",\"target\":{\"@type\":\"EntryPoint\",\"urlTemplate\":\"https:\\\/\\\/donbnb.com\\\/?s={search_term_string}\"},\"query-input\":{\"@type\":\"PropertyValueSpecification\",\"valueRequired\":true,\"valueName\":\"search_term_string\"}}],\"inLanguage\":\"fr-FR\"},{\"@type\":\"Organization\",\"@id\":\"https:\\\/\\\/donbnb.com\\\/#organization\",\"name\":\"DonBnB\",\"url\":\"https:\\\/\\\/donbnb.com\\\/\",\"logo\":{\"@type\":\"ImageObject\",\"inLanguage\":\"fr-FR\",\"@id\":\"https:\\\/\\\/donbnb.com\\\/#\\\/schema\\\/logo\\\/image\\\/\",\"url\":\"https:\\\/\\\/donbnb.com\\\/wp-content\\\/uploads\\\/2021\\\/09\\\/alquiler-vacacional-donbnb-logo.png\",\"contentUrl\":\"https:\\\/\\\/donbnb.com\\\/wp-content\\\/uploads\\\/2021\\\/09\\\/alquiler-vacacional-donbnb-logo.png\",\"width\":3231,\"height\":1078,\"caption\":\"DonBnB\"},\"image\":{\"@id\":\"https:\\\/\\\/donbnb.com\\\/#\\\/schema\\\/logo\\\/image\\\/\"}}]}<\/script>\n<!-- \/ Yoast SEO plugin. -->","yoast_head_json":{"title":"\u2022\u1409Politique de confidentialit\u00e9 - DonBnB","robots":{"index":"index","follow":"follow","max-snippet":"max-snippet:-1","max-image-preview":"max-image-preview:large","max-video-preview":"max-video-preview:-1"},"canonical":"https:\/\/donbnb.com\/fr\/politique-de-confidentialite\/","og_locale":"fr_FR","og_type":"article","og_title":"\u2022\u1409Politique de confidentialit\u00e9 - DonBnB","og_description":"Politique de confidentialit\u00e9 Par cet avis, DonBnb avec adresse \u00e0 Carretera campo de golf 83, 29004 M\u00e1laga, Espagne , et appartenant \u00e0 L uc Juliot Nken Nguiladjoe , avec DNI\/CIF 79289906M , t\u00e9l\u00e9phone 722 36 39 14 , email : rental @ donbnb.com (ci-apr\u00e8s, LA SOCI\u00c9T\u00c9 ) informe les utilisateurs dans le respect de l&rsquo;art ... Lire plus","og_url":"https:\/\/donbnb.com\/fr\/politique-de-confidentialite\/","og_site_name":"DonBnB","article_modified_time":"2021-10-01T11:18:24+00:00","twitter_card":"summary_large_image","twitter_misc":{"Dur\u00e9e de lecture estim\u00e9e":"4 minutes"},"schema":{"@context":"https:\/\/schema.org","@graph":[{"@type":"WebPage","@id":"https:\/\/donbnb.com\/fr\/politique-de-confidentialite\/","url":"https:\/\/donbnb.com\/fr\/politique-de-confidentialite\/","name":"\u2022\u1409Politique de confidentialit\u00e9 - DonBnB","isPartOf":{"@id":"https:\/\/donbnb.com\/#website"},"datePublished":"2021-10-01T11:14:29+00:00","dateModified":"2021-10-01T11:18:24+00:00","breadcrumb":{"@id":"https:\/\/donbnb.com\/fr\/politique-de-confidentialite\/#breadcrumb"},"inLanguage":"fr-FR","potentialAction":[{"@type":"ReadAction","target":["https:\/\/donbnb.com\/fr\/politique-de-confidentialite\/"]}]},{"@type":"BreadcrumbList","@id":"https:\/\/donbnb.com\/fr\/politique-de-confidentialite\/#breadcrumb","itemListElement":[{"@type":"ListItem","position":1,"name":"Portada","item":"https:\/\/donbnb.com\/fr\/"},{"@type":"ListItem","position":2,"name":"Politique de confidentialit\u00e9"}]},{"@type":"WebSite","@id":"https:\/\/donbnb.com\/#website","url":"https:\/\/donbnb.com\/","name":"DonBnB","description":"Alquileres vacacionales M\u00e1laga","publisher":{"@id":"https:\/\/donbnb.com\/#organization"},"potentialAction":[{"@type":"SearchAction","target":{"@type":"EntryPoint","urlTemplate":"https:\/\/donbnb.com\/?s={search_term_string}"},"query-input":{"@type":"PropertyValueSpecification","valueRequired":true,"valueName":"search_term_string"}}],"inLanguage":"fr-FR"},{"@type":"Organization","@id":"https:\/\/donbnb.com\/#organization","name":"DonBnB","url":"https:\/\/donbnb.com\/","logo":{"@type":"ImageObject","inLanguage":"fr-FR","@id":"https:\/\/donbnb.com\/#\/schema\/logo\/image\/","url":"https:\/\/donbnb.com\/wp-content\/uploads\/2021\/09\/alquiler-vacacional-donbnb-logo.png","contentUrl":"https:\/\/donbnb.com\/wp-content\/uploads\/2021\/09\/alquiler-vacacional-donbnb-logo.png","width":3231,"height":1078,"caption":"DonBnB"},"image":{"@id":"https:\/\/donbnb.com\/#\/schema\/logo\/image\/"}}]}},"_links":{"self":[{"href":"https:\/\/donbnb.com\/fr\/wp-json\/wp\/v2\/pages\/3861","targetHints":{"allow":["GET"]}}],"collection":[{"href":"https:\/\/donbnb.com\/fr\/wp-json\/wp\/v2\/pages"}],"about":[{"href":"https:\/\/donbnb.com\/fr\/wp-json\/wp\/v2\/types\/page"}],"author":[{"embeddable":true,"href":"https:\/\/donbnb.com\/fr\/wp-json\/wp\/v2\/users\/1"}],"replies":[{"embeddable":true,"href":"https:\/\/donbnb.com\/fr\/wp-json\/wp\/v2\/comments?post=3861"}],"version-history":[{"count":3,"href":"https:\/\/donbnb.com\/fr\/wp-json\/wp\/v2\/pages\/3861\/revisions"}],"predecessor-version":[{"id":3864,"href":"https:\/\/donbnb.com\/fr\/wp-json\/wp\/v2\/pages\/3861\/revisions\/3864"}],"wp:attachment":[{"href":"https:\/\/donbnb.com\/fr\/wp-json\/wp\/v2\/media?parent=3861"}],"curies":[{"name":"wp","href":"https:\/\/api.w.org\/{rel}","templated":true}]}}