{"id":3877,"date":"2021-10-01T13:31:35","date_gmt":"2021-10-01T11:31:35","guid":{"rendered":"https:\/\/donbnb.com\/?page_id=3877"},"modified":"2024-05-27T11:03:09","modified_gmt":"2024-05-27T09:03:09","slug":"apprenez-a-nous-connaitre","status":"publish","type":"page","link":"https:\/\/donbnb.com\/fr\/apprenez-a-nous-connaitre\/","title":{"rendered":"Apprenez \u00e0 nous conna\u00eetre"},"content":{"rendered":"\t\t<div data-elementor-type=\"wp-page\" data-elementor-id=\"3877\" class=\"elementor elementor-3877 elementor-3354\" data-elementor-post-type=\"page\">\n\t\t\t\t\t\t<section class=\"elementor-section elementor-top-section elementor-element elementor-element-1c0390c4 elementor-section-full_width elementor-section-height-default elementor-section-height-default\" data-id=\"1c0390c4\" data-element_type=\"section\" data-e-type=\"section\">\n\t\t\t\t\t\t<div class=\"elementor-container elementor-column-gap-default\">\n\t\t\t\t\t<div class=\"elementor-column elementor-col-100 elementor-top-column elementor-element elementor-element-77f6df95\" data-id=\"77f6df95\" data-element_type=\"column\" data-e-type=\"column\">\n\t\t\t<div class=\"elementor-widget-wrap elementor-element-populated\">\n\t\t\t\t\t\t<div class=\"elementor-element elementor-element-82c781c elementor-widget elementor-widget-heading\" data-id=\"82c781c\" data-element_type=\"widget\" data-e-type=\"widget\" data-widget_type=\"heading.default\">\n\t\t\t\t<div class=\"elementor-widget-container\">\n\t\t\t\t\t<h1 class=\"elementor-heading-title elementor-size-default\">Gestion des locations <br>de vacances <b>DonBnb<\/b>.<\/h1>\t\t\t\t<\/div>\n\t\t\t\t<\/div>\n\t\t\t\t\t<\/div>\n\t\t<\/div>\n\t\t\t\t\t<\/div>\n\t\t<\/section>\n\t\t\t\t<section class=\"elementor-section elementor-top-section elementor-element elementor-element-3d8c3932 elementor-section-full_width elementor-section-height-default elementor-section-height-default\" data-id=\"3d8c3932\" data-element_type=\"section\" data-e-type=\"section\">\n\t\t\t\t\t\t<div class=\"elementor-container elementor-column-gap-default\">\n\t\t\t\t\t<div class=\"elementor-column elementor-col-100 elementor-top-column elementor-element elementor-element-7d0eeb7e\" data-id=\"7d0eeb7e\" data-element_type=\"column\" data-e-type=\"column\">\n\t\t\t<div class=\"elementor-widget-wrap elementor-element-populated\">\n\t\t\t\t\t\t<div class=\"elementor-element elementor-element-32d77380 elementor--h-position-right elementor--v-position-bottom elementor-pagination-position-outside elementor-widget elementor-widget-slides\" data-id=\"32d77380\" data-element_type=\"widget\" data-e-type=\"widget\" data-settings=\"{&quot;navigation&quot;:&quot;dots&quot;,&quot;autoplay_speed&quot;:&quot;3500&quot;,&quot;transition_speed&quot;:1000,&quot;transition&quot;:&quot;fade&quot;,&quot;autoplay&quot;:&quot;yes&quot;,&quot;infinite&quot;:&quot;yes&quot;}\" data-widget_type=\"slides.default\">\n\t\t\t\t<div class=\"elementor-widget-container\">\n\t\t\t\t\t\t\t\t\t<div class=\"elementor-swiper\">\n\t\t\t\t\t<div class=\"elementor-slides-wrapper elementor-main-swiper swiper\" role=\"region\" aria-roledescription=\"carousel\" aria-label=\"Diapositives\" dir=\"ltr\" data-animation=\"fadeInUp\">\n\t\t\t\t<div class=\"swiper-wrapper elementor-slides\">\n\t\t\t\t\t\t\t\t\t\t<div class=\"elementor-repeater-item-9127c12 swiper-slide\" role=\"group\" aria-roledescription=\"slide\"><div class=\"swiper-slide-bg\" role=\"img\" aria-label=\"alquiler vacacional mijas\"><\/div><a class=\"swiper-slide-inner\" href=\"#\"><div class=\"swiper-slide-contents\"><\/div><\/a><\/div><div class=\"elementor-repeater-item-29b47bf swiper-slide\" role=\"group\" aria-roledescription=\"slide\"><div class=\"swiper-slide-bg\" role=\"img\" aria-label=\"alquiler vacacional ronda\"><\/div><a class=\"swiper-slide-inner\" href=\"#\"><div class=\"swiper-slide-contents\"><\/div><\/a><\/div><div class=\"elementor-repeater-item-ff05535 swiper-slide\" role=\"group\" aria-roledescription=\"slide\"><div class=\"swiper-slide-bg\" role=\"img\" aria-label=\"alquiler vacacional torremolinos\"><\/div><a class=\"swiper-slide-inner\" href=\"#\"><div class=\"swiper-slide-contents\"><\/div><\/a><\/div><div class=\"elementor-repeater-item-0ce3b93 swiper-slide\" role=\"group\" aria-roledescription=\"slide\"><div class=\"swiper-slide-bg\" role=\"img\" aria-label=\"alquiler vacacional marbella\"><\/div><a class=\"swiper-slide-inner\" href=\"#\"><div class=\"swiper-slide-contents\"><\/div><\/a><\/div>\t\t\t\t<\/div>\n\t\t\t\t\t\t\t\t\t\t\t\t\t\t\t\t\t\t\t\t<div class=\"swiper-pagination\"><\/div>\n\t\t\t\t\t\t\t\t\t\t\t\t<\/div>\n\t\t\t\t<\/div>\n\t\t\t\t\t\t\t\t<\/div>\n\t\t\t\t<\/div>\n\t\t\t\t\t<\/div>\n\t\t<\/div>\n\t\t\t\t\t<\/div>\n\t\t<\/section>\n\t\t\t\t<section class=\"elementor-section elementor-top-section elementor-element elementor-element-2bdae14e elementor-section-full_width elementor-section-height-min-height elementor-section-items-stretch elementor-section-height-default\" data-id=\"2bdae14e\" data-element_type=\"section\" data-e-type=\"section\">\n\t\t\t\t\t\t<div class=\"elementor-container elementor-column-gap-default\">\n\t\t\t\t\t<div class=\"elementor-column elementor-col-100 elementor-top-column elementor-element elementor-element-4a3cf8b9\" data-id=\"4a3cf8b9\" data-element_type=\"column\" data-e-type=\"column\">\n\t\t\t<div class=\"elementor-widget-wrap elementor-element-populated\">\n\t\t\t\t\t\t<div class=\"elementor-element elementor-element-40725d2f elementor-widget elementor-widget-heading\" data-id=\"40725d2f\" data-element_type=\"widget\" data-e-type=\"widget\" data-widget_type=\"heading.default\">\n\t\t\t\t<div class=\"elementor-widget-container\">\n\t\t\t\t\t<h2 class=\"elementor-heading-title elementor-size-default\">Gestion de la location<br><b>DonBNB<\/b>.<\/h2>\t\t\t\t<\/div>\n\t\t\t\t<\/div>\n\t\t\t\t<div class=\"elementor-element elementor-element-5b5a4b7b elementor-widget elementor-widget-text-editor\" data-id=\"5b5a4b7b\" data-element_type=\"widget\" data-e-type=\"widget\" data-widget_type=\"text-editor.default\">\n\t\t\t\t<div class=\"elementor-widget-container\">\n\t\t\t\t\t\t\t\t\t<p><strong>DonBnB<\/strong> est n\u00e9e de la fusion avec M\u00e1lagaHost et l&rsquo;objectif est de r\u00e9unir notre exp\u00e9rience et nos connaissances dans le secteur de la location de vacances pour cr\u00e9er une entreprise nationale leader sur le march\u00e9.<\/p><p>Au d\u00e9but, nous \u00e9tions une agence immobili\u00e8re conventionnelle mais, en raison de la crise, nous avons d\u00e9cid\u00e9 de faire nos premiers pas dans le secteur de la location de vacances car nous nous sommes rendu compte que le parc immobilier en Espagne avait consid\u00e9rablement augment\u00e9, ce qui signifiait qu&rsquo;il y avait beaucoup de propri\u00e9t\u00e9s vides qui se d\u00e9t\u00e9rioraient et que celles qui \u00e9taient lou\u00e9es, les propri\u00e9taires ne recevaient pas toujours l&rsquo;argent du loyer chaque mois.<\/p><p>Vous l&rsquo;avez devin\u00e9, beaucoup de nos clients sont des propri\u00e9taires qui en ont assez des locations traditionnelles et veulent essayer les locations \u00e0 court terme avec nous.<\/p><p><strong>DonBnB<\/strong> offre une solution pour pallier ce manque en promouvant les propri\u00e9t\u00e9s sur diff\u00e9rents portails de location touristique, am\u00e9liorant ainsi leur taux d&rsquo;occupation et leur rentabilit\u00e9.<\/p><p>Aujourd&rsquo;hui, l&rsquo;entreprise est compos\u00e9e d&rsquo;une \u00e9quipe \u00e0 vocation internationale, jeune, dynamique et disposant de comp\u00e9tences compl\u00e9mentaires dans les secteurs du tourisme et de l&rsquo;immobilier, qui sont les city managers ou gestionnaires charg\u00e9s de r\u00e9pondre aux diff\u00e9rents besoins des h\u00f4tes.<\/p>\t\t\t\t\t\t\t\t<\/div>\n\t\t\t\t<\/div>\n\t\t\t\t\t<\/div>\n\t\t<\/div>\n\t\t\t\t\t<\/div>\n\t\t<\/section>\n\t\t\t\t<section class=\"elementor-section elementor-top-section elementor-element elementor-element-2a526229 elementor-section-full_width elementor-section-height-default elementor-section-height-default\" data-id=\"2a526229\" data-element_type=\"section\" data-e-type=\"section\">\n\t\t\t\t\t\t<div class=\"elementor-container elementor-column-gap-default\">\n\t\t\t\t\t<div class=\"elementor-column elementor-col-50 elementor-top-column elementor-element elementor-element-3e4e50da\" data-id=\"3e4e50da\" data-element_type=\"column\" data-e-type=\"column\">\n\t\t\t<div class=\"elementor-widget-wrap elementor-element-populated\">\n\t\t\t\t\t\t<div class=\"elementor-element elementor-element-e9430ee elementor-widget-divider--view-line elementor-widget elementor-widget-divider\" data-id=\"e9430ee\" data-element_type=\"widget\" data-e-type=\"widget\" data-settings=\"{&quot;motion_fx_motion_fx_scrolling&quot;:&quot;yes&quot;,&quot;motion_fx_translateX_effect&quot;:&quot;yes&quot;,&quot;motion_fx_translateX_direction&quot;:&quot;negative&quot;,&quot;motion_fx_translateX_speed&quot;:{&quot;unit&quot;:&quot;px&quot;,&quot;size&quot;:&quot;1.5&quot;,&quot;sizes&quot;:[]},&quot;motion_fx_devices&quot;:[&quot;desktop&quot;],&quot;motion_fx_translateX_affectedRange&quot;:{&quot;unit&quot;:&quot;%&quot;,&quot;size&quot;:&quot;&quot;,&quot;sizes&quot;:{&quot;start&quot;:0,&quot;end&quot;:100}}}\" data-widget_type=\"divider.default\">\n\t\t\t\t<div class=\"elementor-widget-container\">\n\t\t\t\t\t\t\t<div class=\"elementor-divider\">\n\t\t\t<span class=\"elementor-divider-separator\">\n\t\t\t\t\t\t<\/span>\n\t\t<\/div>\n\t\t\t\t\t\t<\/div>\n\t\t\t\t<\/div>\n\t\t\t\t\t<\/div>\n\t\t<\/div>\n\t\t\t\t<div class=\"elementor-column elementor-col-50 elementor-top-column elementor-element elementor-element-4323ebc3\" data-id=\"4323ebc3\" data-element_type=\"column\" data-e-type=\"column\">\n\t\t\t<div class=\"elementor-widget-wrap elementor-element-populated\">\n\t\t\t\t\t\t<div class=\"elementor-element elementor-element-59067661 elementor-align-right elementor-widget elementor-widget-button\" data-id=\"59067661\" data-element_type=\"widget\" data-e-type=\"widget\" data-widget_type=\"button.default\">\n\t\t\t\t<div class=\"elementor-widget-container\">\n\t\t\t\t\t\t\t\t\t<div class=\"elementor-button-wrapper\">\n\t\t\t\t\t<a class=\"elementor-button elementor-button-link elementor-size-sm\" href=\"\/fr\/contactez-nous\/\">\n\t\t\t\t\t\t<span class=\"elementor-button-content-wrapper\">\n\t\t\t\t\t\t\t\t\t<span class=\"elementor-button-text\">demandez-nous !<\/span>\n\t\t\t\t\t<\/span>\n\t\t\t\t\t<\/a>\n\t\t\t\t<\/div>\n\t\t\t\t\t\t\t\t<\/div>\n\t\t\t\t<\/div>\n\t\t\t\t\t<\/div>\n\t\t<\/div>\n\t\t\t\t\t<\/div>\n\t\t<\/section>\n\t\t\t\t<section class=\"elementor-section elementor-top-section elementor-element elementor-element-3930523b elementor-section-content-middle elementor-section-boxed elementor-section-height-default elementor-section-height-default\" data-id=\"3930523b\" data-element_type=\"section\" data-e-type=\"section\" data-settings=\"{&quot;background_background&quot;:&quot;classic&quot;}\">\n\t\t\t\t\t\t\t<div class=\"elementor-background-overlay\"><\/div>\n\t\t\t\t\t\t\t<div class=\"elementor-container elementor-column-gap-no\">\n\t\t\t\t\t<div class=\"elementor-column elementor-col-100 elementor-top-column elementor-element elementor-element-55e3b51e\" data-id=\"55e3b51e\" data-element_type=\"column\" data-e-type=\"column\">\n\t\t\t<div class=\"elementor-widget-wrap elementor-element-populated\">\n\t\t\t\t\t\t<div class=\"elementor-element elementor-element-6a411bea elementor-widget elementor-widget-heading\" data-id=\"6a411bea\" data-element_type=\"widget\" data-e-type=\"widget\" data-widget_type=\"heading.default\">\n\t\t\t\t<div class=\"elementor-widget-container\">\n\t\t\t\t\t<p class=\"elementor-heading-title elementor-size-default\">DonBnB - La passion de notre travail<\/p>\t\t\t\t<\/div>\n\t\t\t\t<\/div>\n\t\t\t\t<div class=\"elementor-element elementor-element-70573a8d elementor-widget elementor-widget-heading\" data-id=\"70573a8d\" data-element_type=\"widget\" data-e-type=\"widget\" data-widget_type=\"heading.default\">\n\t\t\t\t<div class=\"elementor-widget-container\">\n\t\t\t\t\t<h2 class=\"elementor-heading-title elementor-size-default\">GESTION DES LOCATIONS DE VACANCES \u00c0 MALAGA<\/h2>\t\t\t\t<\/div>\n\t\t\t\t<\/div>\n\t\t\t\t<div class=\"elementor-element elementor-element-a8f75fd elementor-widget elementor-widget-heading\" data-id=\"a8f75fd\" data-element_type=\"widget\" data-e-type=\"widget\" data-widget_type=\"heading.default\">\n\t\t\t\t<div class=\"elementor-widget-container\">\n\t\t\t\t\t<p class=\"elementor-heading-title elementor-size-default\">Nous travaillons \u00e0 Malaga, Marbella, Torremolinos, Mijas, Fuengirola, Benalmadena et Ronda.<\/p>\t\t\t\t<\/div>\n\t\t\t\t<\/div>\n\t\t\t\t<section class=\"elementor-section elementor-inner-section elementor-element elementor-element-db0f02c elementor-section-boxed elementor-section-height-default elementor-section-height-default\" data-id=\"db0f02c\" data-element_type=\"section\" data-e-type=\"section\">\n\t\t\t\t\t\t<div class=\"elementor-container elementor-column-gap-default\">\n\t\t\t\t\t<div class=\"elementor-column elementor-col-50 elementor-inner-column elementor-element elementor-element-0fb37ce\" data-id=\"0fb37ce\" data-element_type=\"column\" data-e-type=\"column\">\n\t\t\t<div class=\"elementor-widget-wrap elementor-element-populated\">\n\t\t\t\t\t\t<div class=\"elementor-element elementor-element-49b807c elementor-align-justify elementor-widget elementor-widget-button\" data-id=\"49b807c\" data-element_type=\"widget\" data-e-type=\"widget\" data-widget_type=\"button.default\">\n\t\t\t\t<div class=\"elementor-widget-container\">\n\t\t\t\t\t\t\t\t\t<div class=\"elementor-button-wrapper\">\n\t\t\t\t\t<a class=\"elementor-button elementor-button-link elementor-size-xs\" href=\"tel:+34722363914\">\n\t\t\t\t\t\t<span class=\"elementor-button-content-wrapper\">\n\t\t\t\t\t\t<span class=\"elementor-button-icon\">\n\t\t\t\t<i aria-hidden=\"true\" class=\"fas fa-phone-alt\"><\/i>\t\t\t<\/span>\n\t\t\t\t\t\t\t\t\t<span class=\"elementor-button-text\">722 36 39 14<\/span>\n\t\t\t\t\t<\/span>\n\t\t\t\t\t<\/a>\n\t\t\t\t<\/div>\n\t\t\t\t\t\t\t\t<\/div>\n\t\t\t\t<\/div>\n\t\t\t\t\t<\/div>\n\t\t<\/div>\n\t\t\t\t<div class=\"elementor-column elementor-col-50 elementor-inner-column elementor-element elementor-element-98d58e0\" data-id=\"98d58e0\" data-element_type=\"column\" data-e-type=\"column\">\n\t\t\t<div class=\"elementor-widget-wrap elementor-element-populated\">\n\t\t\t\t\t\t<div class=\"elementor-element elementor-element-697a611 elementor-align-justify elementor-widget elementor-widget-button\" data-id=\"697a611\" data-element_type=\"widget\" data-e-type=\"widget\" data-widget_type=\"button.default\">\n\t\t\t\t<div class=\"elementor-widget-container\">\n\t\t\t\t\t\t\t\t\t<div class=\"elementor-button-wrapper\">\n\t\t\t\t\t<a class=\"elementor-button elementor-button-link elementor-size-xs\" href=\"\/fr\/contactez-nous\/\">\n\t\t\t\t\t\t<span class=\"elementor-button-content-wrapper\">\n\t\t\t\t\t\t<span class=\"elementor-button-icon\">\n\t\t\t\t<i aria-hidden=\"true\" class=\"far fa-envelope\"><\/i>\t\t\t<\/span>\n\t\t\t\t\t\t\t\t\t<span class=\"elementor-button-text\">Contactez nous<\/span>\n\t\t\t\t\t<\/span>\n\t\t\t\t\t<\/a>\n\t\t\t\t<\/div>\n\t\t\t\t\t\t\t\t<\/div>\n\t\t\t\t<\/div>\n\t\t\t\t\t<\/div>\n\t\t<\/div>\n\t\t\t\t\t<\/div>\n\t\t<\/section>\n\t\t\t\t<section class=\"elementor-section elementor-inner-section elementor-element elementor-element-9ab9cae elementor-section-boxed elementor-section-height-default elementor-section-height-default\" data-id=\"9ab9cae\" data-element_type=\"section\" data-e-type=\"section\">\n\t\t\t\t\t\t<div class=\"elementor-container elementor-column-gap-default\">\n\t\t\t\t\t<div class=\"elementor-column elementor-col-50 elementor-inner-column elementor-element elementor-element-d35fa7a\" data-id=\"d35fa7a\" data-element_type=\"column\" data-e-type=\"column\">\n\t\t\t<div class=\"elementor-widget-wrap elementor-element-populated\">\n\t\t\t\t\t\t<div class=\"elementor-element elementor-element-7426867 elementor-align-justify elementor-widget elementor-widget-button\" data-id=\"7426867\" data-element_type=\"widget\" data-e-type=\"widget\" data-widget_type=\"button.default\">\n\t\t\t\t<div class=\"elementor-widget-container\">\n\t\t\t\t\t\t\t\t\t<div class=\"elementor-button-wrapper\">\n\t\t\t\t\t<a class=\"elementor-button elementor-button-link elementor-size-xs\" href=\"tel:+34645145929\">\n\t\t\t\t\t\t<span class=\"elementor-button-content-wrapper\">\n\t\t\t\t\t\t<span class=\"elementor-button-icon\">\n\t\t\t\t<i aria-hidden=\"true\" class=\"fas fa-phone-alt\"><\/i>\t\t\t<\/span>\n\t\t\t\t\t\t\t\t\t<span class=\"elementor-button-text\">645 14 59 29<\/span>\n\t\t\t\t\t<\/span>\n\t\t\t\t\t<\/a>\n\t\t\t\t<\/div>\n\t\t\t\t\t\t\t\t<\/div>\n\t\t\t\t<\/div>\n\t\t\t\t\t<\/div>\n\t\t<\/div>\n\t\t\t\t<div class=\"elementor-column elementor-col-50 elementor-inner-column elementor-element elementor-element-fe2512b\" data-id=\"fe2512b\" data-element_type=\"column\" data-e-type=\"column\">\n\t\t\t<div class=\"elementor-widget-wrap elementor-element-populated\">\n\t\t\t\t\t\t<div class=\"elementor-element elementor-element-2b76614 elementor-align-justify elementor-widget elementor-widget-button\" data-id=\"2b76614\" data-element_type=\"widget\" data-e-type=\"widget\" data-widget_type=\"button.default\">\n\t\t\t\t<div class=\"elementor-widget-container\">\n\t\t\t\t\t\t\t\t\t<div class=\"elementor-button-wrapper\">\n\t\t\t\t\t<a class=\"elementor-button elementor-button-link elementor-size-xs\" href=\"#\">\n\t\t\t\t\t\t<span class=\"elementor-button-content-wrapper\">\n\t\t\t\t\t\t\t\t\t<span class=\"elementor-button-text\">T\u00e9l. Ronda<\/span>\n\t\t\t\t\t<\/span>\n\t\t\t\t\t<\/a>\n\t\t\t\t<\/div>\n\t\t\t\t\t\t\t\t<\/div>\n\t\t\t\t<\/div>\n\t\t\t\t\t<\/div>\n\t\t<\/div>\n\t\t\t\t\t<\/div>\n\t\t<\/section>\n\t\t\t\t\t<\/div>\n\t\t<\/div>\n\t\t\t\t\t<\/div>\n\t\t<\/section>\n\t\t\t\t<\/div>\n\t\t","protected":false},"excerpt":{"rendered":"<p>Gestion des locations de vacances DonBnb. Gestion de la locationDonBNB. DonBnB est n\u00e9e de la fusion avec M\u00e1lagaHost et l&rsquo;objectif est de r\u00e9unir notre exp\u00e9rience et nos connaissances dans le secteur de la location de vacances pour cr\u00e9er une entreprise nationale leader sur le march\u00e9. Au d\u00e9but, nous \u00e9tions une agence immobili\u00e8re conventionnelle mais, en &#8230; <a title=\"Apprenez \u00e0 nous conna\u00eetre\" class=\"read-more\" href=\"https:\/\/donbnb.com\/fr\/apprenez-a-nous-connaitre\/\" aria-label=\"Read more about Apprenez \u00e0 nous conna\u00eetre\">Lire plus<\/a><\/p>\n","protected":false},"author":1,"featured_media":0,"parent":0,"menu_order":0,"comment_status":"closed","ping_status":"closed","template":"elementor_header_footer","meta":{"footnotes":""},"class_list":["post-3877","page","type-page","status-publish"],"yoast_head":"<!-- This site is optimized with the Yoast SEO plugin v27.5 - https:\/\/yoast.com\/product\/yoast-seo-wordpress\/ -->\n<title>\u2022\u1409Apprenez \u00e0 nous conna\u00eetre - DonBnB<\/title>\n<meta name=\"robots\" content=\"index, follow, max-snippet:-1, max-image-preview:large, max-video-preview:-1\" \/>\n<link rel=\"canonical\" href=\"https:\/\/donbnb.com\/conocenos\/\" \/>\n<meta property=\"og:locale\" content=\"fr_FR\" \/>\n<meta property=\"og:type\" content=\"article\" \/>\n<meta property=\"og:title\" content=\"\u2022\u1409Apprenez \u00e0 nous conna\u00eetre - DonBnB\" \/>\n<meta property=\"og:description\" content=\"Gestion des locations de vacances DonBnb. Gestion de la locationDonBNB. DonBnB est n\u00e9e de la fusion avec M\u00e1lagaHost et l&rsquo;objectif est de r\u00e9unir notre exp\u00e9rience et nos connaissances dans le secteur de la location de vacances pour cr\u00e9er une entreprise nationale leader sur le march\u00e9. Au d\u00e9but, nous \u00e9tions une agence immobili\u00e8re conventionnelle mais, en ... Lire plus\" \/>\n<meta property=\"og:url\" content=\"https:\/\/donbnb.com\/conocenos\/\" \/>\n<meta property=\"og:site_name\" content=\"DonBnB\" \/>\n<meta property=\"article:modified_time\" content=\"2024-05-27T09:03:09+00:00\" \/>\n<meta name=\"twitter:card\" content=\"summary_large_image\" \/>\n<meta name=\"twitter:label1\" content=\"Dur\u00e9e de lecture estim\u00e9e\" \/>\n\t<meta name=\"twitter:data1\" content=\"2 minutes\" \/>\n<script type=\"application\/ld+json\" class=\"yoast-schema-graph\">{\"@context\":\"https:\\\/\\\/schema.org\",\"@graph\":[{\"@type\":\"WebPage\",\"@id\":\"https:\\\/\\\/donbnb.com\\\/conocenos\\\/\",\"url\":\"https:\\\/\\\/donbnb.com\\\/conocenos\\\/\",\"name\":\"\u2022\u1409Apprenez \u00e0 nous conna\u00eetre - DonBnB\",\"isPartOf\":{\"@id\":\"https:\\\/\\\/donbnb.com\\\/#website\"},\"datePublished\":\"2021-10-01T11:31:35+00:00\",\"dateModified\":\"2024-05-27T09:03:09+00:00\",\"breadcrumb\":{\"@id\":\"https:\\\/\\\/donbnb.com\\\/conocenos\\\/#breadcrumb\"},\"inLanguage\":\"fr-FR\",\"potentialAction\":[{\"@type\":\"ReadAction\",\"target\":[\"https:\\\/\\\/donbnb.com\\\/conocenos\\\/\"]}]},{\"@type\":\"BreadcrumbList\",\"@id\":\"https:\\\/\\\/donbnb.com\\\/conocenos\\\/#breadcrumb\",\"itemListElement\":[{\"@type\":\"ListItem\",\"position\":1,\"name\":\"Portada\",\"item\":\"https:\\\/\\\/donbnb.com\\\/fr\\\/\"},{\"@type\":\"ListItem\",\"position\":2,\"name\":\"Apprenez \u00e0 nous conna\u00eetre\"}]},{\"@type\":\"WebSite\",\"@id\":\"https:\\\/\\\/donbnb.com\\\/#website\",\"url\":\"https:\\\/\\\/donbnb.com\\\/\",\"name\":\"DonBnB\",\"description\":\"Alquileres vacacionales M\u00e1laga\",\"publisher\":{\"@id\":\"https:\\\/\\\/donbnb.com\\\/#organization\"},\"potentialAction\":[{\"@type\":\"SearchAction\",\"target\":{\"@type\":\"EntryPoint\",\"urlTemplate\":\"https:\\\/\\\/donbnb.com\\\/?s={search_term_string}\"},\"query-input\":{\"@type\":\"PropertyValueSpecification\",\"valueRequired\":true,\"valueName\":\"search_term_string\"}}],\"inLanguage\":\"fr-FR\"},{\"@type\":\"Organization\",\"@id\":\"https:\\\/\\\/donbnb.com\\\/#organization\",\"name\":\"DonBnB\",\"url\":\"https:\\\/\\\/donbnb.com\\\/\",\"logo\":{\"@type\":\"ImageObject\",\"inLanguage\":\"fr-FR\",\"@id\":\"https:\\\/\\\/donbnb.com\\\/#\\\/schema\\\/logo\\\/image\\\/\",\"url\":\"https:\\\/\\\/donbnb.com\\\/wp-content\\\/uploads\\\/2021\\\/09\\\/alquiler-vacacional-donbnb-logo.png\",\"contentUrl\":\"https:\\\/\\\/donbnb.com\\\/wp-content\\\/uploads\\\/2021\\\/09\\\/alquiler-vacacional-donbnb-logo.png\",\"width\":3231,\"height\":1078,\"caption\":\"DonBnB\"},\"image\":{\"@id\":\"https:\\\/\\\/donbnb.com\\\/#\\\/schema\\\/logo\\\/image\\\/\"}}]}<\/script>\n<!-- \/ Yoast SEO plugin. -->","yoast_head_json":{"title":"\u2022\u1409Apprenez \u00e0 nous conna\u00eetre - DonBnB","robots":{"index":"index","follow":"follow","max-snippet":"max-snippet:-1","max-image-preview":"max-image-preview:large","max-video-preview":"max-video-preview:-1"},"canonical":"https:\/\/donbnb.com\/conocenos\/","og_locale":"fr_FR","og_type":"article","og_title":"\u2022\u1409Apprenez \u00e0 nous conna\u00eetre - DonBnB","og_description":"Gestion des locations de vacances DonBnb. Gestion de la locationDonBNB. DonBnB est n\u00e9e de la fusion avec M\u00e1lagaHost et l&rsquo;objectif est de r\u00e9unir notre exp\u00e9rience et nos connaissances dans le secteur de la location de vacances pour cr\u00e9er une entreprise nationale leader sur le march\u00e9. Au d\u00e9but, nous \u00e9tions une agence immobili\u00e8re conventionnelle mais, en ... Lire plus","og_url":"https:\/\/donbnb.com\/conocenos\/","og_site_name":"DonBnB","article_modified_time":"2024-05-27T09:03:09+00:00","twitter_card":"summary_large_image","twitter_misc":{"Dur\u00e9e de lecture estim\u00e9e":"2 minutes"},"schema":{"@context":"https:\/\/schema.org","@graph":[{"@type":"WebPage","@id":"https:\/\/donbnb.com\/conocenos\/","url":"https:\/\/donbnb.com\/conocenos\/","name":"\u2022\u1409Apprenez \u00e0 nous conna\u00eetre - DonBnB","isPartOf":{"@id":"https:\/\/donbnb.com\/#website"},"datePublished":"2021-10-01T11:31:35+00:00","dateModified":"2024-05-27T09:03:09+00:00","breadcrumb":{"@id":"https:\/\/donbnb.com\/conocenos\/#breadcrumb"},"inLanguage":"fr-FR","potentialAction":[{"@type":"ReadAction","target":["https:\/\/donbnb.com\/conocenos\/"]}]},{"@type":"BreadcrumbList","@id":"https:\/\/donbnb.com\/conocenos\/#breadcrumb","itemListElement":[{"@type":"ListItem","position":1,"name":"Portada","item":"https:\/\/donbnb.com\/fr\/"},{"@type":"ListItem","position":2,"name":"Apprenez \u00e0 nous conna\u00eetre"}]},{"@type":"WebSite","@id":"https:\/\/donbnb.com\/#website","url":"https:\/\/donbnb.com\/","name":"DonBnB","description":"Alquileres vacacionales M\u00e1laga","publisher":{"@id":"https:\/\/donbnb.com\/#organization"},"potentialAction":[{"@type":"SearchAction","target":{"@type":"EntryPoint","urlTemplate":"https:\/\/donbnb.com\/?s={search_term_string}"},"query-input":{"@type":"PropertyValueSpecification","valueRequired":true,"valueName":"search_term_string"}}],"inLanguage":"fr-FR"},{"@type":"Organization","@id":"https:\/\/donbnb.com\/#organization","name":"DonBnB","url":"https:\/\/donbnb.com\/","logo":{"@type":"ImageObject","inLanguage":"fr-FR","@id":"https:\/\/donbnb.com\/#\/schema\/logo\/image\/","url":"https:\/\/donbnb.com\/wp-content\/uploads\/2021\/09\/alquiler-vacacional-donbnb-logo.png","contentUrl":"https:\/\/donbnb.com\/wp-content\/uploads\/2021\/09\/alquiler-vacacional-donbnb-logo.png","width":3231,"height":1078,"caption":"DonBnB"},"image":{"@id":"https:\/\/donbnb.com\/#\/schema\/logo\/image\/"}}]}},"_links":{"self":[{"href":"https:\/\/donbnb.com\/fr\/wp-json\/wp\/v2\/pages\/3877","targetHints":{"allow":["GET"]}}],"collection":[{"href":"https:\/\/donbnb.com\/fr\/wp-json\/wp\/v2\/pages"}],"about":[{"href":"https:\/\/donbnb.com\/fr\/wp-json\/wp\/v2\/types\/page"}],"author":[{"embeddable":true,"href":"https:\/\/donbnb.com\/fr\/wp-json\/wp\/v2\/users\/1"}],"replies":[{"embeddable":true,"href":"https:\/\/donbnb.com\/fr\/wp-json\/wp\/v2\/comments?post=3877"}],"version-history":[{"count":5,"href":"https:\/\/donbnb.com\/fr\/wp-json\/wp\/v2\/pages\/3877\/revisions"}],"predecessor-version":[{"id":4827,"href":"https:\/\/donbnb.com\/fr\/wp-json\/wp\/v2\/pages\/3877\/revisions\/4827"}],"wp:attachment":[{"href":"https:\/\/donbnb.com\/fr\/wp-json\/wp\/v2\/media?parent=3877"}],"curies":[{"name":"wp","href":"https:\/\/api.w.org\/{rel}","templated":true}]}}